{"id":15,"date":"2021-04-16T16:03:39","date_gmt":"2021-04-16T14:03:39","guid":{"rendered":"http:\/\/harmonj.cluster020.hosting.ovh.net\/?page_id=15"},"modified":"2025-04-14T14:48:25","modified_gmt":"2025-04-14T12:48:25","slug":"a-propos","status":"publish","type":"page","link":"https:\/\/www.harmonieethabitat.com\/index.php\/a-propos\/","title":{"rendered":"\u00c0 propos"},"content":{"rendered":"\n<h2><strong>Elodie Excoffier<\/strong><\/h2>\n\n\n\n<p class=\"has-text-align-center\"><strong>\u00ab\u00a0<em>Une vie de cr\u00e9ation au service du bien-\u00eatre dans l&rsquo;habitat<\/em>.\u00a0\u00bb<\/strong><\/p>\n\n\n\n<h2>Architecte d&rsquo;int\u00e9rieur <\/h2>\n\n\n\n<blockquote class=\"wp-block-quote\"><p>Riche de 19 ann\u00e9es d&rsquo;exp\u00e9rience, mon m\u00e9tier m&rsquo;offre la possibilit\u00e9 d&rsquo;am\u00e9liorer et de favoriser le quotidien des personnes au sein de leur habitat. <\/p><p>Ma priorit\u00e9 est de vous accompagner dans vos projets, d\u2019\u00eatre \u00e0 votre \u00e9coute et au service de votre bien-\u00eatre.<\/p><p>Je vous accompagne dans vos projets et r\u00e9invente vos espaces de vie selon vos besoins afin que chacun puisse trouver sa place.<\/p><\/blockquote>\n\n\n<div class=\"wp-block-image\">\n<figure class=\"aligncenter size-large is-resized\"><img loading=\"lazy\" src=\"http:\/\/www.harmonieethabitat.com\/wp-content\/uploads\/2022\/03\/Harmonie-et-Habitat-023-683x1024.jpg\" alt=\"\" class=\"wp-image-268\" width=\"361\" height=\"541\" srcset=\"https:\/\/www.harmonieethabitat.com\/wp-content\/uploads\/2022\/03\/Harmonie-et-Habitat-023-683x1024.jpg 683w, https:\/\/www.harmonieethabitat.com\/wp-content\/uploads\/2022\/03\/Harmonie-et-Habitat-023-200x300.jpg 200w, https:\/\/www.harmonieethabitat.com\/wp-content\/uploads\/2022\/03\/Harmonie-et-Habitat-023-768x1152.jpg 768w, https:\/\/www.harmonieethabitat.com\/wp-content\/uploads\/2022\/03\/Harmonie-et-Habitat-023-1024x1536.jpg 1024w, https:\/\/www.harmonieethabitat.com\/wp-content\/uploads\/2022\/03\/Harmonie-et-Habitat-023-1366x2048.jpg 1366w, https:\/\/www.harmonieethabitat.com\/wp-content\/uploads\/2022\/03\/Harmonie-et-Habitat-023-1568x2352.jpg 1568w, https:\/\/www.harmonieethabitat.com\/wp-content\/uploads\/2022\/03\/Harmonie-et-Habitat-023.jpg 1667w\" sizes=\"(max-width: 361px) 100vw, 361px\" \/><figcaption>Cr\u00e9dit photo: \u00a9Amandine Foutrier<\/figcaption><\/figure><\/div>\n\n\n<h2>Consultante en Feng shui  <\/h2>\n\n\n\n<blockquote class=\"wp-block-quote\"><p>L&rsquo;apprentissage du <em>Feng Shui<\/em> durant ces derni\u00e8res ann\u00e9es, renforce mes valeurs qui me permettent d&rsquo;\u00eatre au service de l&rsquo;\u00e9quilibre et de l&rsquo;harmonie de nos lieux de vie.      <\/p><\/blockquote>\n\n\n\n<p class=\"has-text-align-center\"><em><strong>\u00ab\u00a0Le Feng Shui permet de r\u00e9v\u00e9ler les potentiels. de notre habitat et d&rsquo;en faire un alli\u00e9 de notre quotidien.\u00a0\u00bb<\/strong><\/em><\/p>\n\n\n\n<blockquote class=\"wp-block-quote\"><p>\u00ab\u00a0Le<em> Feng Shui<\/em> est un syst\u00e8me fond\u00e9 sur une longue observation des forces du ciel (temps) et de la terre (espace int\u00e9rieur et ext\u00e9rieur) et sur la fa\u00e7on dont ces forces interagissent. L&rsquo;objet du feng shui est d&rsquo;harmoniser ces forces.\u00a0\u00bb <\/p><cite>Citation du Ma\u00eetre Joseph Yu<\/cite><\/blockquote>\n\n\n<div class=\"wp-block-image\">\n<figure class=\"aligncenter size-large is-resized\"><img loading=\"lazy\" src=\"http:\/\/www.harmonieethabitat.com\/wp-content\/uploads\/2022\/03\/Harmonie-et-Habitat-022-683x1024.jpg\" alt=\"\" class=\"wp-image-266\" width=\"389\" height=\"583\" srcset=\"https:\/\/www.harmonieethabitat.com\/wp-content\/uploads\/2022\/03\/Harmonie-et-Habitat-022-683x1024.jpg 683w, https:\/\/www.harmonieethabitat.com\/wp-content\/uploads\/2022\/03\/Harmonie-et-Habitat-022-200x300.jpg 200w, https:\/\/www.harmonieethabitat.com\/wp-content\/uploads\/2022\/03\/Harmonie-et-Habitat-022-768x1152.jpg 768w, https:\/\/www.harmonieethabitat.com\/wp-content\/uploads\/2022\/03\/Harmonie-et-Habitat-022-1024x1536.jpg 1024w, https:\/\/www.harmonieethabitat.com\/wp-content\/uploads\/2022\/03\/Harmonie-et-Habitat-022-1366x2048.jpg 1366w, https:\/\/www.harmonieethabitat.com\/wp-content\/uploads\/2022\/03\/Harmonie-et-Habitat-022-1568x2352.jpg 1568w, https:\/\/www.harmonieethabitat.com\/wp-content\/uploads\/2022\/03\/Harmonie-et-Habitat-022.jpg 1667w\" sizes=\"(max-width: 389px) 100vw, 389px\" \/><figcaption>Cr\u00e9dit photo: \u00a9Amandine Foutrier<\/figcaption><\/figure><\/div>\n\n\n<div class=\"wp-block-media-text alignwide is-stacked-on-mobile\" style=\"grid-template-columns:24% auto\"><figure class=\"wp-block-media-text__media\"><img loading=\"lazy\" width=\"322\" height=\"105\" src=\"http:\/\/www.harmonieethabitat.com\/wp-content\/uploads\/2023\/07\/Capture-de\u0301cran-2023-07-06-a\u0300-15.06.12.png\" alt=\"\" class=\"wp-image-684 size-full\" srcset=\"https:\/\/www.harmonieethabitat.com\/wp-content\/uploads\/2023\/07\/Capture-de\u0301cran-2023-07-06-a\u0300-15.06.12.png 322w, https:\/\/www.harmonieethabitat.com\/wp-content\/uploads\/2023\/07\/Capture-de\u0301cran-2023-07-06-a\u0300-15.06.12-300x98.png 300w\" sizes=\"(max-width: 322px) 100vw, 322px\" \/><\/figure><div class=\"wp-block-media-text__content\">\n<p><em><strong>Entreprise&nbsp;assur\u00e9e&nbsp;en France et \u00e0 l&rsquo;international par&nbsp;Euromaf,&nbsp;la mutuelle&nbsp;des Architectes Fran\u00e7ais Assurances.<\/strong><\/em><\/p>\n<\/div><\/div>\n\n\n\n<p><\/p>\n","protected":false},"excerpt":{"rendered":"<p>Elodie Excoffier \u00ab\u00a0Une vie de cr\u00e9ation au service du bien-\u00eatre dans l&rsquo;habitat.\u00a0\u00bb Architecte d&rsquo;int\u00e9rieur Riche de 19 ann\u00e9es d&rsquo;exp\u00e9rience, mon m\u00e9tier m&rsquo;offre la possibilit\u00e9 d&rsquo;am\u00e9liorer et de favoriser le quotidien des personnes au sein de leur habitat. Ma priorit\u00e9 est de vous accompagner dans vos projets, d\u2019\u00eatre \u00e0 votre \u00e9coute et au service de votre<a class=\"more-link\" href=\"https:\/\/www.harmonieethabitat.com\/index.php\/a-propos\/\">Continue reading <span class=\"screen-reader-text\">\u00ab\u00a0\u00c0 propos\u00a0\u00bb<\/span><\/a><\/p>\n","protected":false},"author":2,"featured_media":0,"parent":0,"menu_order":0,"comment_status":"closed","ping_status":"closed","template":"","meta":[],"yoast_head":"<!-- This site is optimized with the Yoast SEO plugin v20.5 - https:\/\/yoast.com\/wordpress\/plugins\/seo\/ -->\n<title>\u00c0 propos - Harmonie et Habitat<\/title>\n<meta name=\"description\" content=\"Riche de 15 ann\u00e9es d&#039;exp\u00e9rience, mon m\u00e9tier m&#039;offre la possibilit\u00e9 d&#039;am\u00e9liorer et de favoriser le quotidien des personnes au sein de leur habitat. Ma priorit\u00e9 est de vous accompagner dans vos projets, d\u2019\u00eatre \u00e0 votre \u00e9coute et au service de votre bien-\u00eatre.Je vous accompagne dans vos projets en immobilier, vos d\u00e9marches et nous r\u00e9inventons ensemble vos espaces de vie afin que chacun puisse trouver sa place. Mes connaissances en Feng Shui renforcent ces valeurs qui me permettent d&#039;\u00eatre au service de l&#039;\u00e9quilibre et de l&#039;harmonie au sein de nos lieux de vie. Il nous offre une nouvelle lecture de nos lieux de vie. Toujours avec le souhait de vous offrir des services sp\u00e9cifiques pour vous soutenir dans vos projets. L&#039;\u00e9tude du \u00ab Ba-Zi \u00bb astrologie Chinoise, me permet d&#039;anticiper les changements, comprendre les blocages et faire du temps un alli\u00e9. C&#039;est avec joie que je vous partage mes connaissances et mon exp\u00e9rience professionnelle lors des formations propos\u00e9es par le centre Feng Shui et Bien-\u00eatre. Un accompagnement adapt\u00e9 au niveau de chacun dans la bienveillance et l&#039;\u00e9coute.\" \/>\n<meta name=\"robots\" content=\"index, follow, max-snippet:-1, max-image-preview:large, max-video-preview:-1\" \/>\n<link rel=\"canonical\" href=\"https:\/\/www.harmonieethabitat.com\/index.php\/a-propos\/\" \/>\n<meta property=\"og:locale\" content=\"fr_FR\" \/>\n<meta property=\"og:type\" content=\"article\" \/>\n<meta property=\"og:title\" content=\"\u00c0 propos - Harmonie et Habitat\" \/>\n<meta property=\"og:description\" content=\"Riche de 15 ann\u00e9es d&#039;exp\u00e9rience, mon m\u00e9tier m&#039;offre la possibilit\u00e9 d&#039;am\u00e9liorer et de favoriser le quotidien des personnes au sein de leur habitat. Ma priorit\u00e9 est de vous accompagner dans vos projets, d\u2019\u00eatre \u00e0 votre \u00e9coute et au service de votre bien-\u00eatre.Je vous accompagne dans vos projets en immobilier, vos d\u00e9marches et nous r\u00e9inventons ensemble vos espaces de vie afin que chacun puisse trouver sa place. Mes connaissances en Feng Shui renforcent ces valeurs qui me permettent d&#039;\u00eatre au service de l&#039;\u00e9quilibre et de l&#039;harmonie au sein de nos lieux de vie. Il nous offre une nouvelle lecture de nos lieux de vie. Toujours avec le souhait de vous offrir des services sp\u00e9cifiques pour vous soutenir dans vos projets. L&#039;\u00e9tude du \u00ab Ba-Zi \u00bb astrologie Chinoise, me permet d&#039;anticiper les changements, comprendre les blocages et faire du temps un alli\u00e9. C&#039;est avec joie que je vous partage mes connaissances et mon exp\u00e9rience professionnelle lors des formations propos\u00e9es par le centre Feng Shui et Bien-\u00eatre. Un accompagnement adapt\u00e9 au niveau de chacun dans la bienveillance et l&#039;\u00e9coute.\" \/>\n<meta property=\"og:url\" content=\"https:\/\/www.harmonieethabitat.com\/index.php\/a-propos\/\" \/>\n<meta property=\"og:site_name\" content=\"Harmonie et Habitat\" \/>\n<meta property=\"article:modified_time\" content=\"2025-04-14T12:48:25+00:00\" \/>\n<meta property=\"og:image\" content=\"http:\/\/www.harmonieethabitat.com\/wp-content\/uploads\/2022\/03\/Harmonie-et-Habitat-023-683x1024.jpg\" \/>\n<meta name=\"twitter:card\" content=\"summary_large_image\" \/>\n<meta name=\"twitter:label1\" content=\"Dur\u00e9e de lecture estim\u00e9e\" \/>\n\t<meta name=\"twitter:data1\" content=\"2 minutes\" \/>\n<script type=\"application\/ld+json\" class=\"yoast-schema-graph\">{\"@context\":\"https:\/\/schema.org\",\"@graph\":[{\"@type\":\"WebPage\",\"@id\":\"https:\/\/www.harmonieethabitat.com\/index.php\/a-propos\/\",\"url\":\"https:\/\/www.harmonieethabitat.com\/index.php\/a-propos\/\",\"name\":\"\u00c0 propos - Harmonie et Habitat\",\"isPartOf\":{\"@id\":\"https:\/\/www.harmonieethabitat.com\/#website\"},\"datePublished\":\"2021-04-16T14:03:39+00:00\",\"dateModified\":\"2025-04-14T12:48:25+00:00\",\"description\":\"Riche de 15 ann\u00e9es d'exp\u00e9rience, mon m\u00e9tier m'offre la possibilit\u00e9 d'am\u00e9liorer et de favoriser le quotidien des personnes au sein de leur habitat. Ma priorit\u00e9 est de vous accompagner dans vos projets, d\u2019\u00eatre \u00e0 votre \u00e9coute et au service de votre bien-\u00eatre.Je vous accompagne dans vos projets en immobilier, vos d\u00e9marches et nous r\u00e9inventons ensemble vos espaces de vie afin que chacun puisse trouver sa place. Mes connaissances en Feng Shui renforcent ces valeurs qui me permettent d'\u00eatre au service de l'\u00e9quilibre et de l'harmonie au sein de nos lieux de vie. Il nous offre une nouvelle lecture de nos lieux de vie. Toujours avec le souhait de vous offrir des services sp\u00e9cifiques pour vous soutenir dans vos projets. L'\u00e9tude du \u00ab Ba-Zi \u00bb astrologie Chinoise, me permet d'anticiper les changements, comprendre les blocages et faire du temps un alli\u00e9. C'est avec joie que je vous partage mes connaissances et mon exp\u00e9rience professionnelle lors des formations propos\u00e9es par le centre Feng Shui et Bien-\u00eatre. Un accompagnement adapt\u00e9 au niveau de chacun dans la bienveillance et l'\u00e9coute.\",\"breadcrumb\":{\"@id\":\"https:\/\/www.harmonieethabitat.com\/index.php\/a-propos\/#breadcrumb\"},\"inLanguage\":\"fr-FR\",\"potentialAction\":[{\"@type\":\"ReadAction\",\"target\":[\"https:\/\/www.harmonieethabitat.com\/index.php\/a-propos\/\"]}]},{\"@type\":\"BreadcrumbList\",\"@id\":\"https:\/\/www.harmonieethabitat.com\/index.php\/a-propos\/#breadcrumb\",\"itemListElement\":[{\"@type\":\"ListItem\",\"position\":1,\"name\":\"Accueil\",\"item\":\"https:\/\/www.harmonieethabitat.com\/\"},{\"@type\":\"ListItem\",\"position\":2,\"name\":\"\u00c0 propos\"}]},{\"@type\":\"WebSite\",\"@id\":\"https:\/\/www.harmonieethabitat.com\/#website\",\"url\":\"https:\/\/www.harmonieethabitat.com\/\",\"name\":\"Harmonie et Habitat\",\"description\":\"\",\"publisher\":{\"@id\":\"https:\/\/www.harmonieethabitat.com\/#organization\"},\"potentialAction\":[{\"@type\":\"SearchAction\",\"target\":{\"@type\":\"EntryPoint\",\"urlTemplate\":\"https:\/\/www.harmonieethabitat.com\/?s={search_term_string}\"},\"query-input\":\"required name=search_term_string\"}],\"inLanguage\":\"fr-FR\"},{\"@type\":\"Organization\",\"@id\":\"https:\/\/www.harmonieethabitat.com\/#organization\",\"name\":\"Harmonie et Habitat\",\"url\":\"https:\/\/www.harmonieethabitat.com\/\",\"logo\":{\"@type\":\"ImageObject\",\"inLanguage\":\"fr-FR\",\"@id\":\"https:\/\/www.harmonieethabitat.com\/#\/schema\/logo\/image\/\",\"url\":\"https:\/\/www.harmonieethabitat.com\/wp-content\/uploads\/2021\/04\/cropped-logo-harmonie-et-habitat-definitif.jpg\",\"contentUrl\":\"https:\/\/www.harmonieethabitat.com\/wp-content\/uploads\/2021\/04\/cropped-logo-harmonie-et-habitat-definitif.jpg\",\"width\":512,\"height\":512,\"caption\":\"Harmonie et Habitat\"},\"image\":{\"@id\":\"https:\/\/www.harmonieethabitat.com\/#\/schema\/logo\/image\/\"}}]}<\/script>\n<!-- \/ Yoast SEO plugin. -->","yoast_head_json":{"title":"\u00c0 propos - Harmonie et Habitat","description":"Riche de 15 ann\u00e9es d'exp\u00e9rience, mon m\u00e9tier m'offre la possibilit\u00e9 d'am\u00e9liorer et de favoriser le quotidien des personnes au sein de leur habitat. Ma priorit\u00e9 est de vous accompagner dans vos projets, d\u2019\u00eatre \u00e0 votre \u00e9coute et au service de votre bien-\u00eatre.Je vous accompagne dans vos projets en immobilier, vos d\u00e9marches et nous r\u00e9inventons ensemble vos espaces de vie afin que chacun puisse trouver sa place. Mes connaissances en Feng Shui renforcent ces valeurs qui me permettent d'\u00eatre au service de l'\u00e9quilibre et de l'harmonie au sein de nos lieux de vie. Il nous offre une nouvelle lecture de nos lieux de vie. Toujours avec le souhait de vous offrir des services sp\u00e9cifiques pour vous soutenir dans vos projets. L'\u00e9tude du \u00ab Ba-Zi \u00bb astrologie Chinoise, me permet d'anticiper les changements, comprendre les blocages et faire du temps un alli\u00e9. C'est avec joie que je vous partage mes connaissances et mon exp\u00e9rience professionnelle lors des formations propos\u00e9es par le centre Feng Shui et Bien-\u00eatre. Un accompagnement adapt\u00e9 au niveau de chacun dans la bienveillance et l'\u00e9coute.","robots":{"index":"index","follow":"follow","max-snippet":"max-snippet:-1","max-image-preview":"max-image-preview:large","max-video-preview":"max-video-preview:-1"},"canonical":"https:\/\/www.harmonieethabitat.com\/index.php\/a-propos\/","og_locale":"fr_FR","og_type":"article","og_title":"\u00c0 propos - Harmonie et Habitat","og_description":"Riche de 15 ann\u00e9es d'exp\u00e9rience, mon m\u00e9tier m'offre la possibilit\u00e9 d'am\u00e9liorer et de favoriser le quotidien des personnes au sein de leur habitat. Ma priorit\u00e9 est de vous accompagner dans vos projets, d\u2019\u00eatre \u00e0 votre \u00e9coute et au service de votre bien-\u00eatre.Je vous accompagne dans vos projets en immobilier, vos d\u00e9marches et nous r\u00e9inventons ensemble vos espaces de vie afin que chacun puisse trouver sa place. Mes connaissances en Feng Shui renforcent ces valeurs qui me permettent d'\u00eatre au service de l'\u00e9quilibre et de l'harmonie au sein de nos lieux de vie. Il nous offre une nouvelle lecture de nos lieux de vie. Toujours avec le souhait de vous offrir des services sp\u00e9cifiques pour vous soutenir dans vos projets. L'\u00e9tude du \u00ab Ba-Zi \u00bb astrologie Chinoise, me permet d'anticiper les changements, comprendre les blocages et faire du temps un alli\u00e9. C'est avec joie que je vous partage mes connaissances et mon exp\u00e9rience professionnelle lors des formations propos\u00e9es par le centre Feng Shui et Bien-\u00eatre. Un accompagnement adapt\u00e9 au niveau de chacun dans la bienveillance et l'\u00e9coute.","og_url":"https:\/\/www.harmonieethabitat.com\/index.php\/a-propos\/","og_site_name":"Harmonie et Habitat","article_modified_time":"2025-04-14T12:48:25+00:00","og_image":[{"url":"http:\/\/www.harmonieethabitat.com\/wp-content\/uploads\/2022\/03\/Harmonie-et-Habitat-023-683x1024.jpg"}],"twitter_card":"summary_large_image","twitter_misc":{"Dur\u00e9e de lecture estim\u00e9e":"2 minutes"},"schema":{"@context":"https:\/\/schema.org","@graph":[{"@type":"WebPage","@id":"https:\/\/www.harmonieethabitat.com\/index.php\/a-propos\/","url":"https:\/\/www.harmonieethabitat.com\/index.php\/a-propos\/","name":"\u00c0 propos - Harmonie et Habitat","isPartOf":{"@id":"https:\/\/www.harmonieethabitat.com\/#website"},"datePublished":"2021-04-16T14:03:39+00:00","dateModified":"2025-04-14T12:48:25+00:00","description":"Riche de 15 ann\u00e9es d'exp\u00e9rience, mon m\u00e9tier m'offre la possibilit\u00e9 d'am\u00e9liorer et de favoriser le quotidien des personnes au sein de leur habitat. Ma priorit\u00e9 est de vous accompagner dans vos projets, d\u2019\u00eatre \u00e0 votre \u00e9coute et au service de votre bien-\u00eatre.Je vous accompagne dans vos projets en immobilier, vos d\u00e9marches et nous r\u00e9inventons ensemble vos espaces de vie afin que chacun puisse trouver sa place. Mes connaissances en Feng Shui renforcent ces valeurs qui me permettent d'\u00eatre au service de l'\u00e9quilibre et de l'harmonie au sein de nos lieux de vie. Il nous offre une nouvelle lecture de nos lieux de vie. Toujours avec le souhait de vous offrir des services sp\u00e9cifiques pour vous soutenir dans vos projets. L'\u00e9tude du \u00ab Ba-Zi \u00bb astrologie Chinoise, me permet d'anticiper les changements, comprendre les blocages et faire du temps un alli\u00e9. C'est avec joie que je vous partage mes connaissances et mon exp\u00e9rience professionnelle lors des formations propos\u00e9es par le centre Feng Shui et Bien-\u00eatre. Un accompagnement adapt\u00e9 au niveau de chacun dans la bienveillance et l'\u00e9coute.","breadcrumb":{"@id":"https:\/\/www.harmonieethabitat.com\/index.php\/a-propos\/#breadcrumb"},"inLanguage":"fr-FR","potentialAction":[{"@type":"ReadAction","target":["https:\/\/www.harmonieethabitat.com\/index.php\/a-propos\/"]}]},{"@type":"BreadcrumbList","@id":"https:\/\/www.harmonieethabitat.com\/index.php\/a-propos\/#breadcrumb","itemListElement":[{"@type":"ListItem","position":1,"name":"Accueil","item":"https:\/\/www.harmonieethabitat.com\/"},{"@type":"ListItem","position":2,"name":"\u00c0 propos"}]},{"@type":"WebSite","@id":"https:\/\/www.harmonieethabitat.com\/#website","url":"https:\/\/www.harmonieethabitat.com\/","name":"Harmonie et Habitat","description":"","publisher":{"@id":"https:\/\/www.harmonieethabitat.com\/#organization"},"potentialAction":[{"@type":"SearchAction","target":{"@type":"EntryPoint","urlTemplate":"https:\/\/www.harmonieethabitat.com\/?s={search_term_string}"},"query-input":"required name=search_term_string"}],"inLanguage":"fr-FR"},{"@type":"Organization","@id":"https:\/\/www.harmonieethabitat.com\/#organization","name":"Harmonie et Habitat","url":"https:\/\/www.harmonieethabitat.com\/","logo":{"@type":"ImageObject","inLanguage":"fr-FR","@id":"https:\/\/www.harmonieethabitat.com\/#\/schema\/logo\/image\/","url":"https:\/\/www.harmonieethabitat.com\/wp-content\/uploads\/2021\/04\/cropped-logo-harmonie-et-habitat-definitif.jpg","contentUrl":"https:\/\/www.harmonieethabitat.com\/wp-content\/uploads\/2021\/04\/cropped-logo-harmonie-et-habitat-definitif.jpg","width":512,"height":512,"caption":"Harmonie et Habitat"},"image":{"@id":"https:\/\/www.harmonieethabitat.com\/#\/schema\/logo\/image\/"}}]}},"_links":{"self":[{"href":"https:\/\/www.harmonieethabitat.com\/index.php\/wp-json\/wp\/v2\/pages\/15"}],"collection":[{"href":"https:\/\/www.harmonieethabitat.com\/index.php\/wp-json\/wp\/v2\/pages"}],"about":[{"href":"https:\/\/www.harmonieethabitat.com\/index.php\/wp-json\/wp\/v2\/types\/page"}],"author":[{"embeddable":true,"href":"https:\/\/www.harmonieethabitat.com\/index.php\/wp-json\/wp\/v2\/users\/2"}],"replies":[{"embeddable":true,"href":"https:\/\/www.harmonieethabitat.com\/index.php\/wp-json\/wp\/v2\/comments?post=15"}],"version-history":[{"count":58,"href":"https:\/\/www.harmonieethabitat.com\/index.php\/wp-json\/wp\/v2\/pages\/15\/revisions"}],"predecessor-version":[{"id":762,"href":"https:\/\/www.harmonieethabitat.com\/index.php\/wp-json\/wp\/v2\/pages\/15\/revisions\/762"}],"wp:attachment":[{"href":"https:\/\/www.harmonieethabitat.com\/index.php\/wp-json\/wp\/v2\/media?parent=15"}],"curies":[{"name":"wp","href":"https:\/\/api.w.org\/{rel}","templated":true}]}}